{"id":364,"date":"2016-07-02T17:43:00","date_gmt":"2016-07-02T14:43:00","guid":{"rendered":"http:\/\/sohosportingsociety.com\/sohohc\/?page_id=364"},"modified":"2021-09-16T11:56:05","modified_gmt":"2021-09-16T08:56:05","slug":"sponsorit-yhteistyokumppanit","status":"publish","type":"page","link":"http:\/\/sohosportingsociety.com\/sohohc\/?page_id=364","title":{"rendered":"Sponsorit &#038; yhteisty\u00f6kumppanit"},"content":{"rendered":"<h3>P\u00e4\u00e4sponsorit<\/h3>\n<p><strong><a href=\"http:\/\/www.colossalorder.fi\"><img loading=\"lazy\" decoding=\"async\" class=\"alignleft wp-image-416 size-full\" src=\"http:\/\/sohosportingsociety.com\/sohohc\/wp-content\/uploads\/2016\/07\/colossal-order.png\" alt=\"Colossal Order\" width=\"150\" height=\"50\" srcset=\"http:\/\/sohosportingsociety.com\/sohohc\/wp-content\/uploads\/2016\/07\/colossal-order.png 150w, http:\/\/sohosportingsociety.com\/sohohc\/wp-content\/uploads\/2016\/07\/colossal-order-128x43.png 128w, http:\/\/sohosportingsociety.com\/sohohc\/wp-content\/uploads\/2016\/07\/colossal-order-32x11.png 32w\" sizes=\"auto, (max-width: 150px) 100vw, 150px\" \/><\/a>Colossal Order Oy<\/strong><br \/>\n<a href=\"http:\/\/www.colossalorder.fi\" target=\"_blank\" rel=\"noopener\">http:\/\/www.colossalorder.fi<\/a><\/p>\n<p><strong><a href=\"http:\/\/obscure.fi\" target=\"_blank\" rel=\"noopener\"><img loading=\"lazy\" decoding=\"async\" class=\"alignleft wp-image-421 size-full\" src=\"http:\/\/sohosportingsociety.com\/sohohc\/wp-content\/uploads\/2016\/07\/obscure.png\" alt=\"Obscure Entertainment\" width=\"150\" height=\"50\" srcset=\"http:\/\/sohosportingsociety.com\/sohohc\/wp-content\/uploads\/2016\/07\/obscure.png 150w, http:\/\/sohosportingsociety.com\/sohohc\/wp-content\/uploads\/2016\/07\/obscure-128x43.png 128w, http:\/\/sohosportingsociety.com\/sohohc\/wp-content\/uploads\/2016\/07\/obscure-32x11.png 32w\" sizes=\"auto, (max-width: 150px) 100vw, 150px\" \/><\/a>Obscure Entertainment Oy<\/strong><br \/>\n<a href=\"http:\/\/obscure.fi\" target=\"_blank\" rel=\"noopener\">http:\/\/obscure.fi<\/a><\/p>\n<p><strong><a href=\"http:\/\/www.gastropub.net\/soho\/\" target=\"_blank\" rel=\"noopener\"><img loading=\"lazy\" decoding=\"async\" class=\"alignleft wp-image-417 size-full\" src=\"http:\/\/sohosportingsociety.com\/sohohc\/wp-content\/uploads\/2016\/08\/gp-soho.png\" alt=\"Gastropub Soho\" width=\"150\" height=\"50\" \/><\/a>Gastropub Soho<\/strong><br \/>\n<a href=\"http:\/\/www.gastropubsoho.fi\">http:\/\/www.gastropubsoho.fi<\/a><\/p>\n<hr \/>\n<h3>Muut yhteisty\u00f6kumppanit<\/h3>\n<p><b><a href=\"http:\/\/tullikamari.net\/fi\/klubi\" target=\"_blank\" rel=\"noopener\"><img loading=\"lazy\" decoding=\"async\" class=\"alignleft wp-image-420 size-full\" src=\"http:\/\/sohosportingsociety.com\/sohohc\/wp-content\/uploads\/2016\/07\/klubi.png\" alt=\"Tullikamari Klubi\" width=\"150\" height=\"50\" srcset=\"http:\/\/sohosportingsociety.com\/sohohc\/wp-content\/uploads\/2016\/07\/klubi.png 150w, http:\/\/sohosportingsociety.com\/sohohc\/wp-content\/uploads\/2016\/07\/klubi-128x43.png 128w, http:\/\/sohosportingsociety.com\/sohohc\/wp-content\/uploads\/2016\/07\/klubi-32x11.png 32w\" sizes=\"auto, (max-width: 150px) 100vw, 150px\" \/><\/a>Tullikamari Klubi<\/b><br \/>\n<a href=\"http:\/\/tullikamari.net\/fi\/klubi\" target=\"_blank\" rel=\"noopener\">http:\/\/tullikamari.net\/fi\/klubi<\/a><\/p>\n<p><b><a href=\"http:\/\/www.kiekkobussi.com\" target=\"_blank\" rel=\"noopener\"><img loading=\"lazy\" decoding=\"async\" class=\"alignleft wp-image-419 size-full\" src=\"http:\/\/sohosportingsociety.com\/sohohc\/wp-content\/uploads\/2016\/07\/kiekkobussi.png\" alt=\"Kiekkobussi\" width=\"150\" height=\"50\" srcset=\"http:\/\/sohosportingsociety.com\/sohohc\/wp-content\/uploads\/2016\/07\/kiekkobussi.png 150w, http:\/\/sohosportingsociety.com\/sohohc\/wp-content\/uploads\/2016\/07\/kiekkobussi-128x43.png 128w, http:\/\/sohosportingsociety.com\/sohohc\/wp-content\/uploads\/2016\/07\/kiekkobussi-32x11.png 32w\" sizes=\"auto, (max-width: 150px) 100vw, 150px\" \/><\/a>Kiekkobussi<\/b><br \/>\n<a href=\"http:\/\/www.kiekkobussi.com\" target=\"_blank\" rel=\"noopener\">http\u00a0:\/\/www.kiekkobussi.com<\/a><\/p>\n<p><b><a href=\"http:\/\/www.jersey53.fi\" target=\"_blank\" rel=\"noopener\"><img loading=\"lazy\" decoding=\"async\" class=\"alignleft wp-image-418 size-full\" src=\"http:\/\/sohosportingsociety.com\/sohohc\/wp-content\/uploads\/2016\/07\/jersey53.png\" alt=\"Jersey 53\" width=\"150\" height=\"50\" srcset=\"http:\/\/sohosportingsociety.com\/sohohc\/wp-content\/uploads\/2016\/07\/jersey53.png 150w, http:\/\/sohosportingsociety.com\/sohohc\/wp-content\/uploads\/2016\/07\/jersey53-128x43.png 128w, http:\/\/sohosportingsociety.com\/sohohc\/wp-content\/uploads\/2016\/07\/jersey53-32x11.png 32w\" sizes=\"auto, (max-width: 150px) 100vw, 150px\" \/><\/a>Jersey53<\/b><br \/>\n<a href=\"http:\/\/www.jersey53.fi\" target=\"_blank\" rel=\"noopener\">http:\/\/www.jersey53.fi<\/a><\/p>\n<p><img loading=\"lazy\" decoding=\"async\" class=\"size-full wp-image-864 alignleft\" src=\"http:\/\/sohosportingsociety.com\/sohohc\/wp-content\/uploads\/2016\/07\/markusojala.png\" alt=\"\" width=\"150\" height=\"50\" srcset=\"http:\/\/sohosportingsociety.com\/sohohc\/wp-content\/uploads\/2016\/07\/markusojala.png 150w, http:\/\/sohosportingsociety.com\/sohohc\/wp-content\/uploads\/2016\/07\/markusojala-128x43.png 128w, http:\/\/sohosportingsociety.com\/sohohc\/wp-content\/uploads\/2016\/07\/markusojala-32x11.png 32w\" sizes=\"auto, (max-width: 150px) 100vw, 150px\" \/><\/p>\n<p><b>Urheiluhieroja Markus Ojala<\/b><br \/>\n<a href=\"https:\/\/www.facebook.com\/UrheiluhierojaMarkusOjala\/\">https:\/\/www.facebook.com\/UrheiluhierojaMarkusOjala\/<\/a><\/p>\n<hr \/>\n<p style=\"text-align: justify;\">Oletko sin\u00e4 tai yrityksesi kiinnostunut mahdollisesta sponsoroinnista tai muusta yhteisty\u00f6st\u00e4 Soho HC:n tai Soho Sporting Society ry:n kanssa? <a href=\"http:\/\/sohosportingsociety.com\/sohohc\/?page_id=346\">Ota meihin yhteytt\u00e4<\/a>, niin keskustellaan lis\u00e4\u00e4!<\/p>\n","protected":false},"excerpt":{"rendered":"<p>P\u00e4\u00e4sponsorit Colossal Order Oy http:\/\/www.colossalorder.fi Obscure Entertainment Oy http:\/\/obscure.fi Gastropub Soho http:\/\/www.gastropubsoho.fi Muut yhteisty\u00f6kumppanit Tullikamari Klubi http:\/\/tullikamari.net\/fi\/klubi Kiekkobussi http\u00a0:\/\/www.kiekkobussi.com Jersey53 http:\/\/www.jersey53.fi Urheiluhieroja Markus Ojala https:\/\/www.facebook.com\/UrheiluhierojaMarkusOjala\/ Oletko sin\u00e4 tai yrityksesi kiinnostunut mahdollisesta sponsoroinnista tai muusta yhteisty\u00f6st\u00e4 Soho HC:n tai Soho Sporting Society ry:n kanssa? Ota meihin yhteytt\u00e4, niin keskustellaan lis\u00e4\u00e4!<\/p>\n","protected":false},"author":1,"featured_media":0,"parent":0,"menu_order":0,"comment_status":"closed","ping_status":"closed","template":"","meta":{"footnotes":""},"class_list":["post-364","page","type-page","status-publish","hentry"],"_links":{"self":[{"href":"http:\/\/sohosportingsociety.com\/sohohc\/index.php?rest_route=\/wp\/v2\/pages\/364","targetHints":{"allow":["GET"]}}],"collection":[{"href":"http:\/\/sohosportingsociety.com\/sohohc\/index.php?rest_route=\/wp\/v2\/pages"}],"about":[{"href":"http:\/\/sohosportingsociety.com\/sohohc\/index.php?rest_route=\/wp\/v2\/types\/page"}],"author":[{"embeddable":true,"href":"http:\/\/sohosportingsociety.com\/sohohc\/index.php?rest_route=\/wp\/v2\/users\/1"}],"replies":[{"embeddable":true,"href":"http:\/\/sohosportingsociety.com\/sohohc\/index.php?rest_route=%2Fwp%2Fv2%2Fcomments&post=364"}],"version-history":[{"count":17,"href":"http:\/\/sohosportingsociety.com\/sohohc\/index.php?rest_route=\/wp\/v2\/pages\/364\/revisions"}],"predecessor-version":[{"id":2388,"href":"http:\/\/sohosportingsociety.com\/sohohc\/index.php?rest_route=\/wp\/v2\/pages\/364\/revisions\/2388"}],"wp:attachment":[{"href":"http:\/\/sohosportingsociety.com\/sohohc\/index.php?rest_route=%2Fwp%2Fv2%2Fmedia&parent=364"}],"curies":[{"name":"wp","href":"https:\/\/api.w.org\/{rel}","templated":true}]}}