{"id":2923,"date":"2025-09-18T09:26:53","date_gmt":"2025-09-18T06:26:53","guid":{"rendered":"https:\/\/sohosportingsociety.com\/sohohc\/?page_id=2923"},"modified":"2025-09-18T09:26:53","modified_gmt":"2025-09-18T06:26:53","slug":"soho-hc-2025-2026","status":"publish","type":"page","link":"http:\/\/sohosportingsociety.com\/sohohc\/?page_id=2923","title":{"rendered":"Soho HC 2025-2026"},"content":{"rendered":"<p><strong>MAALIVAHDIT<\/strong><\/p>\n<div class=\"sportspress\">\n\t\t<div id='sp-player-gallery-2926' class='gallery galleryid-2926 gallery-columns-3 gallery-size-sportspress-crop-medium'>\t<div class=\"sp-template sp-template-player-gallery sp-template-gallery\"><div class=\"sp-player-gallery-wrapper sp-gallery-wrapper\"><dl class='gallery-item'>\n\t<dt class='gallery-icon portrait'><a href=\"http:\/\/sohosportingsociety.com\/sohohc\/?sp_player=pekko-moro\"><img loading=\"lazy\" decoding=\"async\" width=\"300\" height=\"300\" src=\"http:\/\/sohosportingsociety.com\/sohohc\/wp-content\/uploads\/1994\/08\/32_pm\u00f6r\u00f6-300x300.jpg\" class=\"attachment-sportspress-crop-medium size-sportspress-crop-medium wp-post-image\" alt=\"\" \/><\/a><\/dt><a href=\"http:\/\/sohosportingsociety.com\/sohohc\/?sp_player=pekko-moro\"><dd class=\"wp-caption-text gallery-caption small-3 columns has-number\"><strong>1<\/strong> Pekko M\u00f6r\u00f6<\/dd><\/a><\/dl><dl class='gallery-item'>\n\t<dt class='gallery-icon portrait'><a href=\"http:\/\/sohosportingsociety.com\/sohohc\/?sp_player=sampo-moro\"><img loading=\"lazy\" decoding=\"async\" width=\"300\" height=\"300\" src=\"http:\/\/sohosportingsociety.com\/sohohc\/wp-content\/uploads\/1994\/08\/00_nophoto-300x300.jpg\" class=\"attachment-sportspress-crop-medium size-sportspress-crop-medium wp-post-image\" alt=\"\" \/><\/a><\/dt><a href=\"http:\/\/sohosportingsociety.com\/sohohc\/?sp_player=sampo-moro\"><dd class=\"wp-caption-text gallery-caption small-3 columns has-number\"><strong>55<\/strong> Sampo M\u00f6r\u00f6<\/dd><\/a><\/dl><\/div><\/div><\/div>\n<\/div>\n<hr \/>\n<p><strong>PUOLUSTAJAT<\/strong><\/p>\n<div class=\"sportspress\">\n\t\t<div id='sp-player-gallery-2925' class='gallery galleryid-2925 gallery-columns-3 gallery-size-sportspress-crop-medium'>\t<div class=\"sp-template sp-template-player-gallery sp-template-gallery\"><div class=\"sp-player-gallery-wrapper sp-gallery-wrapper\"><dl class='gallery-item'>\n\t<dt class='gallery-icon portrait'><a href=\"http:\/\/sohosportingsociety.com\/sohohc\/?sp_player=jaakko-vuollet\"><img loading=\"lazy\" decoding=\"async\" width=\"300\" height=\"300\" src=\"http:\/\/sohosportingsociety.com\/sohohc\/wp-content\/uploads\/1994\/08\/00_nophoto-300x300.jpg\" class=\"attachment-sportspress-crop-medium size-sportspress-crop-medium wp-post-image\" alt=\"\" \/><\/a><\/dt><a href=\"http:\/\/sohosportingsociety.com\/sohohc\/?sp_player=jaakko-vuollet\"><dd class=\"wp-caption-text gallery-caption small-3 columns has-number\"><strong>11<\/strong> Jaakko Vuollet<\/dd><\/a><\/dl><dl class='gallery-item'>\n\t<dt class='gallery-icon portrait'><a href=\"http:\/\/sohosportingsociety.com\/sohohc\/?sp_player=janne-reiman-2\"><img loading=\"lazy\" decoding=\"async\" width=\"300\" height=\"300\" src=\"http:\/\/sohosportingsociety.com\/sohohc\/wp-content\/uploads\/2019\/12\/41_jreiman-300x300.jpg\" class=\"attachment-sportspress-crop-medium size-sportspress-crop-medium wp-post-image\" alt=\"\" \/><\/a><\/dt><a href=\"http:\/\/sohosportingsociety.com\/sohohc\/?sp_player=janne-reiman-2\"><dd class=\"wp-caption-text gallery-caption small-3 columns has-number\"><strong>15<\/strong> Janne Reiman<\/dd><\/a><\/dl><dl class='gallery-item'>\n\t<dt class='gallery-icon portrait'><a href=\"http:\/\/sohosportingsociety.com\/sohohc\/?sp_player=samuli-kumpulainen\"><img loading=\"lazy\" decoding=\"async\" width=\"300\" height=\"300\" src=\"http:\/\/sohosportingsociety.com\/sohohc\/wp-content\/uploads\/1994\/08\/00_nophoto-300x300.jpg\" class=\"attachment-sportspress-crop-medium size-sportspress-crop-medium wp-post-image\" alt=\"\" \/><\/a><\/dt><a href=\"http:\/\/sohosportingsociety.com\/sohohc\/?sp_player=samuli-kumpulainen\"><dd class=\"wp-caption-text gallery-caption small-3 columns has-number\"><strong>18<\/strong> Samuli Kumpulainen<\/dd><\/a><\/dl><dl class='gallery-item'>\n\t<dt class='gallery-icon portrait'><a href=\"http:\/\/sohosportingsociety.com\/sohohc\/?sp_player=antti-makela\"><img loading=\"lazy\" decoding=\"async\" width=\"300\" height=\"300\" src=\"http:\/\/sohosportingsociety.com\/sohohc\/wp-content\/uploads\/1994\/08\/33_am\u00e4kel\u00e4-300x300.jpg\" class=\"attachment-sportspress-crop-medium size-sportspress-crop-medium wp-post-image\" alt=\"\" \/><\/a><\/dt><a href=\"http:\/\/sohosportingsociety.com\/sohohc\/?sp_player=antti-makela\"><dd class=\"wp-caption-text gallery-caption small-3 columns has-number\"><strong>20<\/strong> Antti M\u00e4kel\u00e4<\/dd><\/a><\/dl><dl class='gallery-item'>\n\t<dt class='gallery-icon portrait'><a href=\"http:\/\/sohosportingsociety.com\/sohohc\/?sp_player=ville-rissanen\"><img loading=\"lazy\" decoding=\"async\" width=\"300\" height=\"300\" src=\"http:\/\/sohosportingsociety.com\/sohohc\/wp-content\/uploads\/2016\/08\/01_vrissanen-300x300.jpg\" class=\"attachment-sportspress-crop-medium size-sportspress-crop-medium wp-post-image\" alt=\"\" \/><\/a><\/dt><a href=\"http:\/\/sohosportingsociety.com\/sohohc\/?sp_player=ville-rissanen\"><dd class=\"wp-caption-text gallery-caption small-3 columns has-number\"><strong>23<\/strong> Ville Rissanen<\/dd><\/a><\/dl><dl class='gallery-item'>\n\t<dt class='gallery-icon portrait'><a href=\"http:\/\/sohosportingsociety.com\/sohohc\/?sp_player=markus-klof\"><img loading=\"lazy\" decoding=\"async\" width=\"300\" height=\"300\" src=\"http:\/\/sohosportingsociety.com\/sohohc\/wp-content\/uploads\/2016\/08\/14_mkl\u00f6f-300x300.jpg\" class=\"attachment-sportspress-crop-medium size-sportspress-crop-medium wp-post-image\" alt=\"\" \/><\/a><\/dt><a href=\"http:\/\/sohosportingsociety.com\/sohohc\/?sp_player=markus-klof\"><dd class=\"wp-caption-text gallery-caption small-3 columns has-number\"><strong>41<\/strong> Markus Kl\u00f6f<\/dd><\/a><\/dl><dl class='gallery-item'>\n\t<dt class='gallery-icon portrait'><a href=\"http:\/\/sohosportingsociety.com\/sohohc\/?sp_player=antti-autero\"><img loading=\"lazy\" decoding=\"async\" width=\"300\" height=\"300\" src=\"http:\/\/sohosportingsociety.com\/sohohc\/wp-content\/uploads\/1994\/08\/00_nophoto-300x300.jpg\" class=\"attachment-sportspress-crop-medium size-sportspress-crop-medium wp-post-image\" alt=\"\" \/><\/a><\/dt><a href=\"http:\/\/sohosportingsociety.com\/sohohc\/?sp_player=antti-autero\"><dd class=\"wp-caption-text gallery-caption small-3 columns has-number\"><strong>62<\/strong> Antti Autero<\/dd><\/a><\/dl><\/div><\/div><\/div>\n<\/div>\n<hr \/>\n<p><strong>HY\u00d6KK\u00c4\u00c4J\u00c4T<\/strong><\/p>\n<div class=\"sportspress\">\n\t\t<div id='sp-player-gallery-2924' class='gallery galleryid-2924 gallery-columns-3 gallery-size-sportspress-crop-medium'>\t<div class=\"sp-template sp-template-player-gallery sp-template-gallery\"><div class=\"sp-player-gallery-wrapper sp-gallery-wrapper\"><dl class='gallery-item'>\n\t<dt class='gallery-icon portrait'><a href=\"http:\/\/sohosportingsociety.com\/sohohc\/?sp_player=henry-naiduwa-wadu\"><img loading=\"lazy\" decoding=\"async\" width=\"300\" height=\"300\" src=\"http:\/\/sohosportingsociety.com\/sohohc\/wp-content\/uploads\/2016\/08\/13_hnaiduwawadu-300x300.jpg\" class=\"attachment-sportspress-crop-medium size-sportspress-crop-medium wp-post-image\" alt=\"\" \/><\/a><\/dt><a href=\"http:\/\/sohosportingsociety.com\/sohohc\/?sp_player=henry-naiduwa-wadu\"><dd class=\"wp-caption-text gallery-caption small-3 columns has-number\"><strong>7<\/strong> Henry Naiduwa Wadu<\/dd><\/a><\/dl><dl class='gallery-item'>\n\t<dt class='gallery-icon portrait'><a href=\"http:\/\/sohosportingsociety.com\/sohohc\/?sp_player=jouko-ollila\"><img loading=\"lazy\" decoding=\"async\" width=\"300\" height=\"300\" src=\"http:\/\/sohosportingsociety.com\/sohohc\/wp-content\/uploads\/2016\/08\/03_jollila-300x300.jpg\" class=\"attachment-sportspress-crop-medium size-sportspress-crop-medium wp-post-image\" alt=\"\" \/><\/a><\/dt><a href=\"http:\/\/sohosportingsociety.com\/sohohc\/?sp_player=jouko-ollila\"><dd class=\"wp-caption-text gallery-caption small-3 columns has-number\"><strong>12<\/strong> Jouko Ollila<\/dd><\/a><\/dl><dl class='gallery-item'>\n\t<dt class='gallery-icon portrait'><a href=\"http:\/\/sohosportingsociety.com\/sohohc\/?sp_player=arttu-laurila\"><img loading=\"lazy\" decoding=\"async\" width=\"300\" height=\"300\" src=\"http:\/\/sohosportingsociety.com\/sohohc\/wp-content\/uploads\/1994\/08\/00_nophoto-300x300.jpg\" class=\"attachment-sportspress-crop-medium size-sportspress-crop-medium wp-post-image\" alt=\"\" \/><\/a><\/dt><a href=\"http:\/\/sohosportingsociety.com\/sohohc\/?sp_player=arttu-laurila\"><dd class=\"wp-caption-text gallery-caption small-3 columns has-number\"><strong>16<\/strong> Arttu Laurila<\/dd><\/a><\/dl><dl class='gallery-item'>\n\t<dt class='gallery-icon portrait'><a href=\"http:\/\/sohosportingsociety.com\/sohohc\/?sp_player=kai-mikkola\"><img loading=\"lazy\" decoding=\"async\" width=\"300\" height=\"300\" src=\"http:\/\/sohosportingsociety.com\/sohohc\/wp-content\/uploads\/2018\/09\/37_kmikkola-300x300.jpg\" class=\"attachment-sportspress-crop-medium size-sportspress-crop-medium wp-post-image\" alt=\"\" \/><\/a><\/dt><a href=\"http:\/\/sohosportingsociety.com\/sohohc\/?sp_player=kai-mikkola\"><dd class=\"wp-caption-text gallery-caption small-3 columns has-number\"><strong>33<\/strong> Kai Mikkola<\/dd><\/a><\/dl><dl class='gallery-item'>\n\t<dt class='gallery-icon portrait'><a href=\"http:\/\/sohosportingsociety.com\/sohohc\/?sp_player=titus-naamanka\"><img loading=\"lazy\" decoding=\"async\" width=\"300\" height=\"300\" src=\"http:\/\/sohosportingsociety.com\/sohohc\/wp-content\/uploads\/1994\/08\/00_nophoto-300x300.jpg\" class=\"attachment-sportspress-crop-medium size-sportspress-crop-medium wp-post-image\" alt=\"\" \/><\/a><\/dt><a href=\"http:\/\/sohosportingsociety.com\/sohohc\/?sp_player=titus-naamanka\"><dd class=\"wp-caption-text gallery-caption small-3 columns has-number\"><strong>43<\/strong> Titus Naamanka<\/dd><\/a><\/dl><dl class='gallery-item'>\n\t<dt class='gallery-icon portrait'><a href=\"http:\/\/sohosportingsociety.com\/sohohc\/?sp_player=ville-isojarvi\"><img loading=\"lazy\" decoding=\"async\" width=\"300\" height=\"300\" src=\"http:\/\/sohosportingsociety.com\/sohohc\/wp-content\/uploads\/2016\/08\/04_visoj\u00e4rvi-300x300.jpg\" class=\"attachment-sportspress-crop-medium size-sportspress-crop-medium wp-post-image\" alt=\"\" \/><\/a><\/dt><a href=\"http:\/\/sohosportingsociety.com\/sohohc\/?sp_player=ville-isojarvi\"><dd class=\"wp-caption-text gallery-caption small-3 columns has-number\"><strong>47<\/strong> Ville Isoj\u00e4rvi<\/dd><\/a><\/dl><dl class='gallery-item'>\n\t<dt class='gallery-icon portrait'><a href=\"http:\/\/sohosportingsociety.com\/sohohc\/?sp_player=santtu-nieminen\"><img loading=\"lazy\" decoding=\"async\" width=\"300\" height=\"300\" src=\"http:\/\/sohosportingsociety.com\/sohohc\/wp-content\/uploads\/1994\/08\/00_nophoto-300x300.jpg\" class=\"attachment-sportspress-crop-medium size-sportspress-crop-medium wp-post-image\" alt=\"\" \/><\/a><\/dt><a href=\"http:\/\/sohosportingsociety.com\/sohohc\/?sp_player=santtu-nieminen\"><dd class=\"wp-caption-text gallery-caption small-3 columns has-number\"><strong>71<\/strong> Santtu Nieminen<\/dd><\/a><\/dl><dl class='gallery-item'>\n\t<dt class='gallery-icon portrait'><a href=\"http:\/\/sohosportingsociety.com\/sohohc\/?sp_player=janne-kuurila\"><img loading=\"lazy\" decoding=\"async\" width=\"300\" height=\"300\" src=\"http:\/\/sohosportingsociety.com\/sohohc\/wp-content\/uploads\/1994\/08\/00_nophoto-300x300.jpg\" class=\"attachment-sportspress-crop-medium size-sportspress-crop-medium wp-post-image\" alt=\"\" \/><\/a><\/dt><a href=\"http:\/\/sohosportingsociety.com\/sohohc\/?sp_player=janne-kuurila\"><dd class=\"wp-caption-text gallery-caption small-3 columns has-number\"><strong>74<\/strong> Janne Kuurila<\/dd><\/a><\/dl><dl class='gallery-item'>\n\t<dt class='gallery-icon portrait'><a href=\"http:\/\/sohosportingsociety.com\/sohohc\/?sp_player=pekka-olkkonen\"><img loading=\"lazy\" decoding=\"async\" width=\"300\" height=\"300\" src=\"http:\/\/sohosportingsociety.com\/sohohc\/wp-content\/uploads\/1994\/08\/00_nophoto-300x300.jpg\" class=\"attachment-sportspress-crop-medium size-sportspress-crop-medium wp-post-image\" alt=\"\" \/><\/a><\/dt><a href=\"http:\/\/sohosportingsociety.com\/sohohc\/?sp_player=pekka-olkkonen\"><dd class=\"wp-caption-text gallery-caption small-3 columns has-number\"><strong>81<\/strong> Pekka Olkkonen<\/dd><\/a><\/dl><dl class='gallery-item'>\n\t<dt class='gallery-icon portrait'><a href=\"http:\/\/sohosportingsociety.com\/sohohc\/?sp_player=eemil-bjorninen\"><img loading=\"lazy\" decoding=\"async\" width=\"300\" height=\"300\" src=\"http:\/\/sohosportingsociety.com\/sohohc\/wp-content\/uploads\/1994\/08\/00_nophoto-300x300.jpg\" class=\"attachment-sportspress-crop-medium size-sportspress-crop-medium wp-post-image\" alt=\"\" \/><\/a><\/dt><a href=\"http:\/\/sohosportingsociety.com\/sohohc\/?sp_player=eemil-bjorninen\"><dd class=\"wp-caption-text gallery-caption small-3 columns has-number\"><strong>86<\/strong> Eemil Bj\u00f6rninen<\/dd><\/a><\/dl><dl class='gallery-item'>\n\t<dt class='gallery-icon portrait'><a href=\"http:\/\/sohosportingsociety.com\/sohohc\/?sp_player=teemu-siltanen\"><img loading=\"lazy\" decoding=\"async\" width=\"300\" height=\"300\" src=\"http:\/\/sohosportingsociety.com\/sohohc\/wp-content\/uploads\/1994\/08\/00_nophoto-300x300.jpg\" class=\"attachment-sportspress-crop-medium size-sportspress-crop-medium wp-post-image\" alt=\"\" \/><\/a><\/dt><a href=\"http:\/\/sohosportingsociety.com\/sohohc\/?sp_player=teemu-siltanen\"><dd class=\"wp-caption-text gallery-caption small-3 columns has-number\"><strong>96<\/strong> Teemu Siltanen<\/dd><\/a><\/dl><dl class='gallery-item'>\n\t<dt class='gallery-icon portrait'><a href=\"http:\/\/sohosportingsociety.com\/sohohc\/?sp_player=teemu-merila\"><img loading=\"lazy\" decoding=\"async\" width=\"300\" height=\"300\" src=\"http:\/\/sohosportingsociety.com\/sohohc\/wp-content\/uploads\/1994\/08\/00_nophoto-300x300.jpg\" class=\"attachment-sportspress-crop-medium size-sportspress-crop-medium wp-post-image\" alt=\"\" \/><\/a><\/dt><a href=\"http:\/\/sohosportingsociety.com\/sohohc\/?sp_player=teemu-merila\"><dd class=\"wp-caption-text gallery-caption small-3 columns has-number\"><strong>97<\/strong> Teemu Meril\u00e4<\/dd><\/a><\/dl><dl class='gallery-item'>\n\t<dt class='gallery-icon portrait'><a href=\"http:\/\/sohosportingsociety.com\/sohohc\/?sp_player=mikael-lehtinen\"><img loading=\"lazy\" decoding=\"async\" width=\"300\" height=\"300\" src=\"http:\/\/sohosportingsociety.com\/sohohc\/wp-content\/uploads\/1994\/08\/00_nophoto-300x300.jpg\" class=\"attachment-sportspress-crop-medium size-sportspress-crop-medium wp-post-image\" alt=\"\" \/><\/a><\/dt><a href=\"http:\/\/sohosportingsociety.com\/sohohc\/?sp_player=mikael-lehtinen\"><dd class=\"wp-caption-text gallery-caption small-3 columns has-number\"><strong>99<\/strong> Mikael Lehtinen<\/dd><\/a><\/dl><\/div><\/div><\/div>\n<\/div>\n","protected":false},"excerpt":{"rendered":"<p>MAALIVAHDIT PUOLUSTAJAT HY\u00d6KK\u00c4\u00c4J\u00c4T<\/p>\n","protected":false},"author":1,"featured_media":0,"parent":946,"menu_order":0,"comment_status":"closed","ping_status":"closed","template":"","meta":{"footnotes":""},"class_list":["post-2923","page","type-page","status-publish","hentry"],"_links":{"self":[{"href":"http:\/\/sohosportingsociety.com\/sohohc\/index.php?rest_route=\/wp\/v2\/pages\/2923","targetHints":{"allow":["GET"]}}],"collection":[{"href":"http:\/\/sohosportingsociety.com\/sohohc\/index.php?rest_route=\/wp\/v2\/pages"}],"about":[{"href":"http:\/\/sohosportingsociety.com\/sohohc\/index.php?rest_route=\/wp\/v2\/types\/page"}],"author":[{"embeddable":true,"href":"http:\/\/sohosportingsociety.com\/sohohc\/index.php?rest_route=\/wp\/v2\/users\/1"}],"replies":[{"embeddable":true,"href":"http:\/\/sohosportingsociety.com\/sohohc\/index.php?rest_route=%2Fwp%2Fv2%2Fcomments&post=2923"}],"version-history":[{"count":1,"href":"http:\/\/sohosportingsociety.com\/sohohc\/index.php?rest_route=\/wp\/v2\/pages\/2923\/revisions"}],"predecessor-version":[{"id":2929,"href":"http:\/\/sohosportingsociety.com\/sohohc\/index.php?rest_route=\/wp\/v2\/pages\/2923\/revisions\/2929"}],"up":[{"embeddable":true,"href":"http:\/\/sohosportingsociety.com\/sohohc\/index.php?rest_route=\/wp\/v2\/pages\/946"}],"wp:attachment":[{"href":"http:\/\/sohosportingsociety.com\/sohohc\/index.php?rest_route=%2Fwp%2Fv2%2Fmedia&parent=2923"}],"curies":[{"name":"wp","href":"https:\/\/api.w.org\/{rel}","templated":true}]}}