{"id":2,"date":"2016-06-30T19:36:08","date_gmt":"2016-06-30T16:36:08","guid":{"rendered":"http:\/\/sohosportingsociety.com\/sohohc\/?page_id=2"},"modified":"2025-09-18T09:49:18","modified_gmt":"2025-09-18T06:49:18","slug":"esimerkkisivu","status":"publish","type":"page","link":"http:\/\/sohosportingsociety.com\/sohohc\/","title":{"rendered":""},"content":{"rendered":"<p><strong style=\"text-align: justify;\"><img loading=\"lazy\" decoding=\"async\" class=\"aligncenter wp-image-2318 size-full\" src=\"http:\/\/sohosportingsociety.com\/sohohc\/wp-content\/uploads\/2021\/08\/newheader2021-1.jpg\" alt=\"\" width=\"2000\" height=\"600\" srcset=\"http:\/\/sohosportingsociety.com\/sohohc\/wp-content\/uploads\/2021\/08\/newheader2021-1.jpg 2000w, http:\/\/sohosportingsociety.com\/sohohc\/wp-content\/uploads\/2021\/08\/newheader2021-1-300x90.jpg 300w, http:\/\/sohosportingsociety.com\/sohohc\/wp-content\/uploads\/2021\/08\/newheader2021-1-1024x307.jpg 1024w, http:\/\/sohosportingsociety.com\/sohohc\/wp-content\/uploads\/2021\/08\/newheader2021-1-768x230.jpg 768w, http:\/\/sohosportingsociety.com\/sohohc\/wp-content\/uploads\/2021\/08\/newheader2021-1-1536x461.jpg 1536w, http:\/\/sohosportingsociety.com\/sohohc\/wp-content\/uploads\/2021\/08\/newheader2021-1-128x38.jpg 128w, http:\/\/sohosportingsociety.com\/sohohc\/wp-content\/uploads\/2021\/08\/newheader2021-1-32x10.jpg 32w\" sizes=\"auto, (max-width: 2000px) 100vw, 2000px\" \/><img loading=\"lazy\" decoding=\"async\" class=\"alignleft wp-image-397\" src=\"http:\/\/sohosportingsociety.com\/sohohc\/wp-content\/uploads\/2016\/07\/soho_hc_logo_010-150x150.png\" alt=\"soho_hc_logo_010\" width=\"200\" height=\"200\" srcset=\"http:\/\/sohosportingsociety.com\/sohohc\/wp-content\/uploads\/2016\/07\/soho_hc_logo_010-150x150.png 150w, http:\/\/sohosportingsociety.com\/sohohc\/wp-content\/uploads\/2016\/07\/soho_hc_logo_010-300x300.png 300w, http:\/\/sohosportingsociety.com\/sohohc\/wp-content\/uploads\/2016\/07\/soho_hc_logo_010-768x768.png 768w, http:\/\/sohosportingsociety.com\/sohohc\/wp-content\/uploads\/2016\/07\/soho_hc_logo_010-1024x1024.png 1024w, http:\/\/sohosportingsociety.com\/sohohc\/wp-content\/uploads\/2016\/07\/soho_hc_logo_010-128x128.png 128w, http:\/\/sohosportingsociety.com\/sohohc\/wp-content\/uploads\/2016\/07\/soho_hc_logo_010-32x32.png 32w, http:\/\/sohosportingsociety.com\/sohohc\/wp-content\/uploads\/2016\/07\/soho_hc_logo_010-45x45.png 45w, http:\/\/sohosportingsociety.com\/sohohc\/wp-content\/uploads\/2016\/07\/soho_hc_logo_010.png 2000w\" sizes=\"auto, (max-width: 200px) 100vw, 200px\" \/><\/strong><\/p>\n<p style=\"text-align: justify;\"><strong>Soho Hockey Club<\/strong>\u00a0(tuttavallisemmin Soho HC) on vuonna 2016 perustettu harrastej\u00e4\u00e4kiekkojoukkue, joka toimii tamperelaisen\u00a0<strong>Soho Sporting Society ry<\/strong>-urheiluseuran alla. Soho HC kiekkoilee H\u00e4meen alueen harrastesarjoissa ja on ep\u00e4ilem\u00e4tt\u00e4 Tampereen toiseksi paras j\u00e4\u00e4kiekkojoukkue!<\/p>\n<p style=\"text-align: justify;\">N\u00e4ilt\u00e4 sivuilta l\u00f6yd\u00e4t tietoa joukkueestamme ja yhteisty\u00f6kumppaneistamme sek\u00e4 ajantasaisen otteluohjelman, sarjataulukon ja pelaajatilastot kauden aikana. Toivomme, ett\u00e4 viihdyt ja otathan halutessasi my\u00f6s\u00a0<a href=\"http:\/\/sohosportingsociety.com\/sohohc\/?page_id=346\">yhteytt\u00e4<\/a>\u00a0meihin!<\/p>\n<div class=\"sportspress sp-widget-align-left\"><div class=\"sp-template sp-template-league-table\">\n\t<h4 class=\"sp-table-caption\">Sarjataulukko<\/h4><div class=\"sp-table-wrapper\"><table class=\"sp-league-table sp-league-table-2921 sp-data-table sp-sortable-table sp-responsive-table table_69fcedb185c54 sp-scrollable-table sp-paginated-table\" data-sp-rows=\"13\"><thead><tr><th class=\"data-rank\">#<\/th><th class=\"data-name\">Joukkue<\/th><th class=\"data-o\">O<\/th><th class=\"data-w\">V<\/th><th class=\"data-ot\">T<\/th><th class=\"data-l\">H<\/th><th class=\"data-pts\">P<\/th><th class=\"data-tm\">TM<\/th><th class=\"data-pm\">PM<\/th><th class=\"data-me\">ME<\/th><\/tr><\/thead><tbody><tr class=\"odd highlighted sp-row-no-0\"><td class=\"data-rank sp-highlight\" data-label=\"#\">1<\/td><td class=\"data-name has-logo sp-highlight\" data-label=\"Joukkue\"><span class=\"team-logo\"><img loading=\"lazy\" decoding=\"async\" width=\"128\" height=\"128\" src=\"http:\/\/sohosportingsociety.com\/sohohc\/wp-content\/uploads\/2016\/07\/soho_hc_logo_010-128x128.png\" class=\"attachment-sportspress-fit-icon size-sportspress-fit-icon wp-post-image\" alt=\"\" \/><\/span>Soho HC<\/td><td class=\"data-o sp-highlight\" data-label=\"O\">18<\/td><td class=\"data-w sp-highlight\" data-label=\"V\">13<\/td><td class=\"data-ot sp-highlight\" data-label=\"T\">2<\/td><td class=\"data-l sp-highlight\" data-label=\"H\">3<\/td><td class=\"data-pts sp-highlight\" data-label=\"P\">28<\/td><td class=\"data-tm sp-highlight\" data-label=\"TM\">129<\/td><td class=\"data-pm sp-highlight\" data-label=\"PM\">68<\/td><td class=\"data-me sp-highlight\" data-label=\"ME\">61<\/td><\/tr><tr class=\"even sp-row-no-1\"><td class=\"data-rank\" data-label=\"#\">2<\/td><td class=\"data-name has-logo\" data-label=\"Joukkue\"><span class=\"team-logo\"><img loading=\"lazy\" decoding=\"async\" width=\"128\" height=\"128\" src=\"http:\/\/sohosportingsociety.com\/sohohc\/wp-content\/uploads\/2025\/09\/varastoise-128x128.png\" class=\"attachment-sportspress-fit-icon size-sportspress-fit-icon wp-post-image\" alt=\"\" \/><\/span>Varastoi.se<\/td><td class=\"data-o\" data-label=\"O\">18<\/td><td class=\"data-w\" data-label=\"V\">13<\/td><td class=\"data-ot\" data-label=\"T\">1<\/td><td class=\"data-l\" data-label=\"H\">4<\/td><td class=\"data-pts\" data-label=\"P\">27<\/td><td class=\"data-tm\" data-label=\"TM\">111<\/td><td class=\"data-pm\" data-label=\"PM\">63<\/td><td class=\"data-me\" data-label=\"ME\">48<\/td><\/tr><tr class=\"odd sp-row-no-2\"><td class=\"data-rank\" data-label=\"#\">3<\/td><td class=\"data-name has-logo\" data-label=\"Joukkue\"><span class=\"team-logo\"><img loading=\"lazy\" decoding=\"async\" width=\"128\" height=\"128\" src=\"http:\/\/sohosportingsociety.com\/sohohc\/wp-content\/uploads\/2017\/09\/hcvoltti-1-128x128.png\" class=\"attachment-sportspress-fit-icon size-sportspress-fit-icon wp-post-image\" alt=\"\" \/><\/span>HC Voltti<\/td><td class=\"data-o\" data-label=\"O\">17<\/td><td class=\"data-w\" data-label=\"V\">10<\/td><td class=\"data-ot\" data-label=\"T\">2<\/td><td class=\"data-l\" data-label=\"H\">5<\/td><td class=\"data-pts\" data-label=\"P\">22<\/td><td class=\"data-tm\" data-label=\"TM\">106<\/td><td class=\"data-pm\" data-label=\"PM\">66<\/td><td class=\"data-me\" data-label=\"ME\">40<\/td><\/tr><tr class=\"even sp-row-no-3\"><td class=\"data-rank\" data-label=\"#\">4<\/td><td class=\"data-name has-logo\" data-label=\"Joukkue\"><span class=\"team-logo\"><img loading=\"lazy\" decoding=\"async\" width=\"128\" height=\"128\" src=\"http:\/\/sohosportingsociety.com\/sohohc\/wp-content\/uploads\/2025\/09\/valehc-1-128x128.png\" class=\"attachment-sportspress-fit-icon size-sportspress-fit-icon wp-post-image\" alt=\"\" \/><\/span>Vale HC<\/td><td class=\"data-o\" data-label=\"O\">18<\/td><td class=\"data-w\" data-label=\"V\">9<\/td><td class=\"data-ot\" data-label=\"T\">2<\/td><td class=\"data-l\" data-label=\"H\">7<\/td><td class=\"data-pts\" data-label=\"P\">20<\/td><td class=\"data-tm\" data-label=\"TM\">91<\/td><td class=\"data-pm\" data-label=\"PM\">74<\/td><td class=\"data-me\" data-label=\"ME\">17<\/td><\/tr><tr class=\"odd sp-row-no-4\"><td class=\"data-rank\" data-label=\"#\">5<\/td><td class=\"data-name has-logo\" data-label=\"Joukkue\"><span class=\"team-logo\"><img loading=\"lazy\" decoding=\"async\" width=\"128\" height=\"128\" src=\"http:\/\/sohosportingsociety.com\/sohohc\/wp-content\/uploads\/2016\/09\/seiska-1-128x128.png\" class=\"attachment-sportspress-fit-icon size-sportspress-fit-icon wp-post-image\" alt=\"\" \/><\/span>Seiska<\/td><td class=\"data-o\" data-label=\"O\">17<\/td><td class=\"data-w\" data-label=\"V\">8<\/td><td class=\"data-ot\" data-label=\"T\">4<\/td><td class=\"data-l\" data-label=\"H\">5<\/td><td class=\"data-pts\" data-label=\"P\">20<\/td><td class=\"data-tm\" data-label=\"TM\">71<\/td><td class=\"data-pm\" data-label=\"PM\">62<\/td><td class=\"data-me\" data-label=\"ME\">9<\/td><\/tr><tr class=\"even sp-row-no-5\"><td class=\"data-rank\" data-label=\"#\">6<\/td><td class=\"data-name has-logo\" data-label=\"Joukkue\"><span class=\"team-logo\"><img loading=\"lazy\" decoding=\"async\" width=\"128\" height=\"128\" src=\"http:\/\/sohosportingsociety.com\/sohohc\/wp-content\/uploads\/2017\/03\/pahalampi-128x128.png\" class=\"attachment-sportspress-fit-icon size-sportspress-fit-icon wp-post-image\" alt=\"\" \/><\/span>Pahalampi<\/td><td class=\"data-o\" data-label=\"O\">18<\/td><td class=\"data-w\" data-label=\"V\">9<\/td><td class=\"data-ot\" data-label=\"T\">1<\/td><td class=\"data-l\" data-label=\"H\">8<\/td><td class=\"data-pts\" data-label=\"P\">19<\/td><td class=\"data-tm\" data-label=\"TM\">109<\/td><td class=\"data-pm\" data-label=\"PM\">101<\/td><td class=\"data-me\" data-label=\"ME\">8<\/td><\/tr><tr class=\"odd sp-row-no-6\"><td class=\"data-rank\" data-label=\"#\">7<\/td><td class=\"data-name has-logo\" data-label=\"Joukkue\"><span class=\"team-logo\"><img loading=\"lazy\" decoding=\"async\" width=\"128\" height=\"128\" src=\"http:\/\/sohosportingsociety.com\/sohohc\/wp-content\/uploads\/2017\/09\/grinders-128x128.png\" class=\"attachment-sportspress-fit-icon size-sportspress-fit-icon wp-post-image\" alt=\"\" \/><\/span>HC Grinders<\/td><td class=\"data-o\" data-label=\"O\">18<\/td><td class=\"data-w\" data-label=\"V\">5<\/td><td class=\"data-ot\" data-label=\"T\">6<\/td><td class=\"data-l\" data-label=\"H\">7<\/td><td class=\"data-pts\" data-label=\"P\">16<\/td><td class=\"data-tm\" data-label=\"TM\">61<\/td><td class=\"data-pm\" data-label=\"PM\">71<\/td><td class=\"data-me\" data-label=\"ME\">-10<\/td><\/tr><tr class=\"even sp-row-no-7\"><td class=\"data-rank\" data-label=\"#\">8<\/td><td class=\"data-name has-logo\" data-label=\"Joukkue\"><span class=\"team-logo\"><img loading=\"lazy\" decoding=\"async\" width=\"128\" height=\"128\" src=\"http:\/\/sohosportingsociety.com\/sohohc\/wp-content\/uploads\/2025\/09\/jumbo-hockey-128x128.png\" class=\"attachment-sportspress-fit-icon size-sportspress-fit-icon wp-post-image\" alt=\"\" \/><\/span>Jumbo-Hockey<\/td><td class=\"data-o\" data-label=\"O\">18<\/td><td class=\"data-w\" data-label=\"V\">6<\/td><td class=\"data-ot\" data-label=\"T\">1<\/td><td class=\"data-l\" data-label=\"H\">11<\/td><td class=\"data-pts\" data-label=\"P\">13<\/td><td class=\"data-tm\" data-label=\"TM\">66<\/td><td class=\"data-pm\" data-label=\"PM\">110<\/td><td class=\"data-me\" data-label=\"ME\">-44<\/td><\/tr><tr class=\"odd sp-row-no-8\"><td class=\"data-rank\" data-label=\"#\">9<\/td><td class=\"data-name has-logo\" data-label=\"Joukkue\"><span class=\"team-logo\"><img loading=\"lazy\" decoding=\"async\" width=\"128\" height=\"128\" src=\"http:\/\/sohosportingsociety.com\/sohohc\/wp-content\/uploads\/2017\/09\/hcreapers-128x128.png\" class=\"attachment-sportspress-fit-icon size-sportspress-fit-icon wp-post-image\" alt=\"\" \/><\/span>HC Reapers<\/td><td class=\"data-o\" data-label=\"O\">18<\/td><td class=\"data-w\" data-label=\"V\">4<\/td><td class=\"data-ot\" data-label=\"T\">1<\/td><td class=\"data-l\" data-label=\"H\">13<\/td><td class=\"data-pts\" data-label=\"P\">9<\/td><td class=\"data-tm\" data-label=\"TM\">60<\/td><td class=\"data-pm\" data-label=\"PM\">108<\/td><td class=\"data-me\" data-label=\"ME\">-48<\/td><\/tr><tr class=\"even sp-row-no-9\"><td class=\"data-rank\" data-label=\"#\">10<\/td><td class=\"data-name has-logo\" data-label=\"Joukkue\"><span class=\"team-logo\"><img loading=\"lazy\" decoding=\"async\" width=\"128\" height=\"128\" src=\"http:\/\/sohosportingsociety.com\/sohohc\/wp-content\/uploads\/2025\/09\/jis-128x128.png\" class=\"attachment-sportspress-fit-icon size-sportspress-fit-icon wp-post-image\" alt=\"\" \/><\/span>JIS<\/td><td class=\"data-o\" data-label=\"O\">18<\/td><td class=\"data-w\" data-label=\"V\">1<\/td><td class=\"data-ot\" data-label=\"T\">2<\/td><td class=\"data-l\" data-label=\"H\">15<\/td><td class=\"data-pts\" data-label=\"P\">4<\/td><td class=\"data-tm\" data-label=\"TM\">44<\/td><td class=\"data-pm\" data-label=\"PM\">125<\/td><td class=\"data-me\" data-label=\"ME\">-81<\/td><\/tr><\/tbody><\/table><\/div><\/div>\n<\/div>\n<div class=\"sportspress sp-widget-align-right\"><h4 class=\"sp-table-caption\">Seuraava ottelu<\/h4><div class=\"sp-template sp-template-event-blocks\">\n\t<div class=\"sp-table-wrapper\">\n\t\t<table class=\"sp-event-blocks sp-data-table\n\t\t\t\t\t sp-paginated-table\" data-sp-rows=\"5\">\n\t\t\t<thead><tr><th><\/th><\/tr><\/thead> \t\t\t<tbody>\n\t\t\t\t\t\t\t<\/tbody>\n\t\t<\/table>\n\t<\/div>\n\t<\/div>\n<\/div>\n<div class=\"sportspress sp-widget-align-right\"><h4 class=\"sp-table-caption\">Edellinen ottelu<\/h4><div class=\"sp-template sp-template-event-blocks\">\n\t<div class=\"sp-table-wrapper\">\n\t\t<table class=\"sp-event-blocks sp-data-table\n\t\t\t\t\t sp-paginated-table\" data-sp-rows=\"5\">\n\t\t\t<thead><tr><th><\/th><\/tr><\/thead> \t\t\t<tbody>\n\t\t\t\t\t\t\t\t\t<tr class=\"sp-row sp-post alternate\" itemscope itemtype=\"http:\/\/schema.org\/SportsEvent\">\n\t\t\t\t\t\t<td>\n\t\t\t\t\t\t\t\t\t\t\t\t\t\t<span class=\"team-logo logo-odd\" title=\"Soho HC\"><img loading=\"lazy\" decoding=\"async\" width=\"128\" height=\"128\" src=\"http:\/\/sohosportingsociety.com\/sohohc\/wp-content\/uploads\/2016\/07\/soho_hc_logo_010-128x128.png\" class=\"attachment-sportspress-fit-icon size-sportspress-fit-icon wp-post-image\" alt=\"\" \/><\/span> <span class=\"team-logo logo-even\" title=\"HC Reapers\"><img loading=\"lazy\" decoding=\"async\" width=\"128\" height=\"128\" src=\"http:\/\/sohosportingsociety.com\/sohohc\/wp-content\/uploads\/2017\/09\/hcreapers-128x128.png\" class=\"attachment-sportspress-fit-icon size-sportspress-fit-icon wp-post-image\" alt=\"\" \/><\/span>\t\t\t\t\t\t\t<time class=\"sp-event-date\" datetime=\"2026-03-19 21:15:56\" itemprop=\"startDate\" content=\"2026-03-19T21:15:56+02:00\">\n\t\t\t\t\t\t\t\t<a href=\"http:\/\/sohosportingsociety.com\/sohohc\/?sp_event=soho-hc-hc-reapers-2\">19.3.2026<\/a>\t\t\t\t\t\t\t<\/time>\n\t\t\t\t\t\t\t\t\t\t\t\t\t\t<h5 class=\"sp-event-results\">\n\t\t\t\t\t\t\t\t<a href=\"http:\/\/sohosportingsociety.com\/sohohc\/?sp_event=soho-hc-hc-reapers-2\"><span class=\"sp-result ok\">8<\/span> - <span class=\"sp-result\">1<\/span><\/a>\t\t\t\t\t\t\t<\/h5>\n\t\t\t\t\t\t\t\t\t\t\t\t\t\t\t\t\t\t\t\t\t\t\t\t\t\t\t\t\t\t\t\t\t\t\t\t<div style=\"display:none;\" class=\"sp-event-venue\" itemprop=\"location\" itemscope itemtype=\"http:\/\/schema.org\/Place\"><div itemprop=\"address\" itemscope itemtype=\"http:\/\/schema.org\/PostalAddress\">N\/A<\/div><\/div>\n\t\t\t\t\t\t\t\t\t\t\t\t\t\t<h4 class=\"sp-event-title\" itemprop=\"name\">\n\t\t\t\t\t\t\t\t<a href=\"http:\/\/sohosportingsociety.com\/sohohc\/?sp_event=soho-hc-hc-reapers-2\">Soho HC - HC Reapers<\/a>\t\t\t\t\t\t\t<\/h4>\n\t\t\t\t\t\t\t\n\t\t\t\t\t\t<\/td>\n\t\t\t\t\t<\/tr>\n\t\t\t\t\t\t\t\t<\/tbody>\n\t\t<\/table>\n\t<\/div>\n\t<\/div>\n<\/div>\n<p>&nbsp;<\/p>\n","protected":false},"excerpt":{"rendered":"<p>Soho Hockey Club\u00a0(tuttavallisemmin Soho HC) on vuonna 2016 perustettu harrastej\u00e4\u00e4kiekkojoukkue, joka toimii tamperelaisen\u00a0Soho Sporting Society ry-urheiluseuran alla. Soho HC kiekkoilee H\u00e4meen alueen harrastesarjoissa ja on ep\u00e4ilem\u00e4tt\u00e4 Tampereen toiseksi paras j\u00e4\u00e4kiekkojoukkue! N\u00e4ilt\u00e4 sivuilta l\u00f6yd\u00e4t tietoa joukkueestamme ja yhteisty\u00f6kumppaneistamme sek\u00e4 ajantasaisen otteluohjelman, sarjataulukon ja pelaajatilastot kauden aikana. Toivomme, ett\u00e4 viihdyt ja otathan halutessasi my\u00f6s\u00a0yhteytt\u00e4\u00a0meihin! &nbsp;<\/p>\n","protected":false},"author":1,"featured_media":0,"parent":0,"menu_order":0,"comment_status":"closed","ping_status":"open","template":"template-fullwidth.php","meta":{"footnotes":""},"class_list":["post-2","page","type-page","status-publish","hentry"],"_links":{"self":[{"href":"http:\/\/sohosportingsociety.com\/sohohc\/index.php?rest_route=\/wp\/v2\/pages\/2","targetHints":{"allow":["GET"]}}],"collection":[{"href":"http:\/\/sohosportingsociety.com\/sohohc\/index.php?rest_route=\/wp\/v2\/pages"}],"about":[{"href":"http:\/\/sohosportingsociety.com\/sohohc\/index.php?rest_route=\/wp\/v2\/types\/page"}],"author":[{"embeddable":true,"href":"http:\/\/sohosportingsociety.com\/sohohc\/index.php?rest_route=\/wp\/v2\/users\/1"}],"replies":[{"embeddable":true,"href":"http:\/\/sohosportingsociety.com\/sohohc\/index.php?rest_route=%2Fwp%2Fv2%2Fcomments&post=2"}],"version-history":[{"count":123,"href":"http:\/\/sohosportingsociety.com\/sohohc\/index.php?rest_route=\/wp\/v2\/pages\/2\/revisions"}],"predecessor-version":[{"id":2944,"href":"http:\/\/sohosportingsociety.com\/sohohc\/index.php?rest_route=\/wp\/v2\/pages\/2\/revisions\/2944"}],"wp:attachment":[{"href":"http:\/\/sohosportingsociety.com\/sohohc\/index.php?rest_route=%2Fwp%2Fv2%2Fmedia&parent=2"}],"curies":[{"name":"wp","href":"https:\/\/api.w.org\/{rel}","templated":true}]}}